{"id":6037,"date":"2022-11-15T09:04:51","date_gmt":"2022-11-15T08:04:51","guid":{"rendered":"https:\/\/www.metzgerei-haemmerli.ch\/agb\/"},"modified":"2025-11-20T15:23:54","modified_gmt":"2025-11-20T14:23:54","slug":"cgv","status":"publish","type":"page","link":"https:\/\/www.metzgerei-haemmerli.ch\/fr\/cgv\/","title":{"rendered":"CGV"},"content":{"rendered":"\t\t<div data-elementor-type=\"wp-page\" data-elementor-id=\"6037\" class=\"elementor elementor-6037 elementor-6031\">\n\t\t\t\t\t\t<section class=\"elementor-section elementor-top-section elementor-element elementor-element-dc3fbaf elementor-section-stretched elementor-section-full_width elementor-section-height-default elementor-section-height-default\" data-id=\"dc3fbaf\" data-element_type=\"section\" data-e-type=\"section\" data-settings=\"{&quot;stretch_section&quot;:&quot;section-stretched&quot;,&quot;background_background&quot;:&quot;classic&quot;}\">\n\t\t\t\t\t\t<div class=\"elementor-container elementor-column-gap-no\">\n\t\t\t\t\t<div class=\"elementor-column elementor-col-100 elementor-top-column elementor-element elementor-element-6714825\" data-id=\"6714825\" data-element_type=\"column\" data-e-type=\"column\">\n\t\t\t<div class=\"elementor-widget-wrap elementor-element-populated\">\n\t\t\t\t\t\t<div class=\"elementor-element elementor-element-43c295c elementor-widget elementor-widget-spacer\" data-id=\"43c295c\" data-element_type=\"widget\" data-e-type=\"widget\" data-widget_type=\"spacer.default\">\n\t\t\t\t<div class=\"elementor-widget-container\">\n\t\t\t\t\t\t\t<div class=\"elementor-spacer\">\n\t\t\t<div class=\"elementor-spacer-inner\"><\/div>\n\t\t<\/div>\n\t\t\t\t\t\t<\/div>\n\t\t\t\t<\/div>\n\t\t\t\t\t<\/div>\n\t\t<\/div>\n\t\t\t\t\t<\/div>\n\t\t<\/section>\n\t\t\t\t<section class=\"elementor-section elementor-top-section elementor-element elementor-element-5e2b2a2 elementor-section-stretched elementor-section-boxed elementor-section-height-default elementor-section-height-default\" data-id=\"5e2b2a2\" data-element_type=\"section\" data-e-type=\"section\" data-settings=\"{&quot;stretch_section&quot;:&quot;section-stretched&quot;,&quot;background_background&quot;:&quot;gradient&quot;}\">\n\t\t\t\t\t\t<div class=\"elementor-container elementor-column-gap-wide\">\n\t\t\t\t\t<div class=\"elementor-column elementor-col-100 elementor-top-column elementor-element elementor-element-0d76da1\" data-id=\"0d76da1\" data-element_type=\"column\" data-e-type=\"column\">\n\t\t\t<div class=\"elementor-widget-wrap elementor-element-populated\">\n\t\t\t\t\t\t<div class=\"elementor-element elementor-element-f38b9ff elementor-widget elementor-widget-heading\" data-id=\"f38b9ff\" data-element_type=\"widget\" data-e-type=\"widget\" data-widget_type=\"heading.default\">\n\t\t\t\t<div class=\"elementor-widget-container\">\n\t\t\t\t\t<h2 class=\"elementor-heading-title elementor-size-default\">CGV<\/h2>\t\t\t\t<\/div>\n\t\t\t\t<\/div>\n\t\t\t\t<div class=\"elementor-element elementor-element-f92742d elementor-widget elementor-widget-heading\" data-id=\"f92742d\" data-element_type=\"widget\" data-e-type=\"widget\" data-widget_type=\"heading.default\">\n\t\t\t\t<div class=\"elementor-widget-container\">\n\t\t\t\t\t<h4 class=\"elementor-heading-title elementor-size-default\">1. Domaine d'application<\/h4>\t\t\t\t<\/div>\n\t\t\t\t<\/div>\n\t\t\t\t<div class=\"elementor-element elementor-element-a805809 elementor-widget elementor-widget-text-editor\" data-id=\"a805809\" data-element_type=\"widget\" data-e-type=\"widget\" data-widget_type=\"text-editor.default\">\n\t\t\t\t<div class=\"elementor-widget-container\">\n\t\t\t\t\t\t\t\t\t<p>Les conditions g\u00e9n\u00e9rales de vente (ci-apr\u00e8s d\u00e9nomm\u00e9es \u00ab\u00a0CGV\u00a0\u00bb) s&rsquo;appliquent \u00e0 toutes les commandes pass\u00e9es et \u00e0 tous les contrats conclus (ci-apr\u00e8s d\u00e9nomm\u00e9s \u00ab\u00a0commande\u00a0\u00bb). En outre, les dispositions des rubriques D\u00e9claration de protection des donn\u00e9es &amp; Conditions de participation s&rsquo;appliquent ici aussi.<\/p><p>H\u00e4mmerli se r\u00e9serve le droit de modifier les CGV. La version des CGV en vigueur au moment de la commande fait foi et ne peut pas \u00eatre modifi\u00e9e unilat\u00e9ralement pour cette commande.<\/p>\t\t\t\t\t\t\t\t<\/div>\n\t\t\t\t<\/div>\n\t\t\t\t<div class=\"elementor-element elementor-element-b020bbf elementor-widget elementor-widget-heading\" data-id=\"b020bbf\" data-element_type=\"widget\" data-e-type=\"widget\" data-widget_type=\"heading.default\">\n\t\t\t\t<div class=\"elementor-widget-container\">\n\t\t\t\t\t<h4 class=\"elementor-heading-title elementor-size-default\">2. Offre<\/h4>\t\t\t\t<\/div>\n\t\t\t\t<\/div>\n\t\t\t\t<div class=\"elementor-element elementor-element-f1736b7 elementor-widget elementor-widget-text-editor\" data-id=\"f1736b7\" data-element_type=\"widget\" data-e-type=\"widget\" data-widget_type=\"text-editor.default\">\n\t\t\t\t<div class=\"elementor-widget-container\">\n\t\t\t\t\t\t\t\t\t<p>L&rsquo;offre s&rsquo;adresse \u00e0 la client\u00e8le physique domicili\u00e9e en Suisse ou \u00e0 la client\u00e8le professionnelle domicili\u00e9e en Suisse. La marchandise doit \u00eatre retir\u00e9e ou sera trait\u00e9e selon les termes du contrat.<\/p>\t\t\t\t\t\t\t\t<\/div>\n\t\t\t\t<\/div>\n\t\t\t\t<div class=\"elementor-element elementor-element-5f22667 elementor-widget elementor-widget-heading\" data-id=\"5f22667\" data-element_type=\"widget\" data-e-type=\"widget\" data-widget_type=\"heading.default\">\n\t\t\t\t<div class=\"elementor-widget-container\">\n\t\t\t\t\t<h4 class=\"elementor-heading-title elementor-size-default\">3. Prix<\/h4>\t\t\t\t<\/div>\n\t\t\t\t<\/div>\n\t\t\t\t<div class=\"elementor-element elementor-element-93cc00b elementor-widget elementor-widget-text-editor\" data-id=\"93cc00b\" data-element_type=\"widget\" data-e-type=\"widget\" data-widget_type=\"text-editor.default\">\n\t\t\t\t<div class=\"elementor-widget-container\">\n\t\t\t\t\t\t\t\t\t<p>La pr\u00e9sentation des produits en ligne ne constitue pas une proposition juridiquement contraignante, mais une invitation non contraignante pour le client \u00e0 commander le produit en ligne.<\/p><p>H\u00e4mmerli est libre de refuser tout ou partie des commandes sans avoir \u00e0 se justifier. Dans ce cas, le client est inform\u00e9 et les \u00e9ventuels paiements d\u00e9j\u00e0 effectu\u00e9s sont rembours\u00e9s. Toute autre revendication est exclue, en particulier il n&rsquo;y aura pas de r\u00e9exp\u00e9dition des produits non livrables. Les produits temporairement indisponibles ne peuvent pas \u00eatre r\u00e9serv\u00e9s.<\/p><p>Une commande est consid\u00e9r\u00e9e comme une offre \u00e0 H\u00e4mmerli pour la conclusion d&rsquo;un contrat. Apr\u00e8s transmission de la commande, le client re\u00e7oit automatiquement une confirmation de r\u00e9ception qui documente que la commande a \u00e9t\u00e9 re\u00e7ue par H\u00e4mmerli. Le client ne peut compl\u00e9ter ou annuler la commande que jusqu&rsquo;\u00e0 ce qu&rsquo;elle soit trait\u00e9e dans notre logistique. Si une commande est compl\u00e9t\u00e9e, la commande initiale sert de base de calcul, par contre les \u00e9ventuelles offres sp\u00e9ciales et r\u00e9ductions ne sont pas prises en compte au moment du compl\u00e9ment.<\/p><p>Le contrat n&rsquo;est conclu qu&rsquo;apr\u00e8s le traitement de la commande par H\u00e4mmerli. D\u00e8s que la commande est pr\u00eate \u00e0 \u00eatre retir\u00e9e par le service logistique, le client re\u00e7oit une confirmation de commande par e-mail.<\/p>\t\t\t\t\t\t\t\t<\/div>\n\t\t\t\t<\/div>\n\t\t\t\t<div class=\"elementor-element elementor-element-d702d86 elementor-widget elementor-widget-heading\" data-id=\"d702d86\" data-element_type=\"widget\" data-e-type=\"widget\" data-widget_type=\"heading.default\">\n\t\t\t\t<div class=\"elementor-widget-container\">\n\t\t\t\t\t<h4 class=\"elementor-heading-title elementor-size-default\">4. Garantie<\/h4>\t\t\t\t<\/div>\n\t\t\t\t<\/div>\n\t\t\t\t<div class=\"elementor-element elementor-element-5bf932d elementor-widget elementor-widget-text-editor\" data-id=\"5bf932d\" data-element_type=\"widget\" data-e-type=\"widget\" data-widget_type=\"text-editor.default\">\n\t\t\t\t<div class=\"elementor-widget-container\">\n\t\t\t\t\t\t\t\t\t<p>Pour les produits avec date de p\u00e9remption, la r\u00e9glementation l\u00e9gale s&rsquo;applique conform\u00e9ment \u00e0 la loi sur les denr\u00e9es alimentaires. H\u00e4mmerli peut fournir la garantie, au choix, par le remplacement partiel ou total par un produit \u00e9quivalent, par un cr\u00e9dit jusqu&rsquo;\u00e0 un maximum du prix de vente au moment de la commande, ou par une r\u00e9duction.<\/p><p>Il n&rsquo;existe pas de droit de retour g\u00e9n\u00e9ral pour les produits exempts de d\u00e9fauts. La garantie est explicitement exclue pour les produits dont la qualit\u00e9 (p. ex. la qualit\u00e9 gustative) ne correspond pas aux exigences du client, les produits carn\u00e9s qui se sont ab\u00eem\u00e9s en raison d&rsquo;une manipulation inappropri\u00e9e ou d&rsquo;une interruption de la cha\u00eene du froid par le client ainsi que les produits command\u00e9s par erreur.<\/p>\t\t\t\t\t\t\t\t<\/div>\n\t\t\t\t<\/div>\n\t\t\t\t<div class=\"elementor-element elementor-element-53935d2 elementor-widget elementor-widget-heading\" data-id=\"53935d2\" data-element_type=\"widget\" data-e-type=\"widget\" data-widget_type=\"heading.default\">\n\t\t\t\t<div class=\"elementor-widget-container\">\n\t\t\t\t\t<h4 class=\"elementor-heading-title elementor-size-default\">5. Variantes de paiement<\/h4>\t\t\t\t<\/div>\n\t\t\t\t<\/div>\n\t\t\t\t<div class=\"elementor-element elementor-element-9ab9c98 elementor-widget elementor-widget-text-editor\" data-id=\"9ab9c98\" data-element_type=\"widget\" data-e-type=\"widget\" data-widget_type=\"text-editor.default\">\n\t\t\t\t<div class=\"elementor-widget-container\">\n\t\t\t\t\t\t\t\t\tH\u00e4mmerli propose au client une commande en ligne avec \u00ab\u00a0retrait au magasin\u00a0\u00bb. Au magasin, le client a la possibilit\u00e9 de payer en esp\u00e8ces ou par carte de cr\u00e9dit.\nEn cas de retard de paiement, H\u00e4mmerli se r\u00e9serve le droit de facturer des frais de rappel et des int\u00e9r\u00eats de retard. Tous les frais li\u00e9s \u00e0 l&rsquo;encaissement de cr\u00e9ances en retard sont \u00e0 la charge de H\u00e4mmerli.\t\t\t\t\t\t\t\t<\/div>\n\t\t\t\t<\/div>\n\t\t\t\t<div class=\"elementor-element elementor-element-138c895 elementor-widget elementor-widget-heading\" data-id=\"138c895\" data-element_type=\"widget\" data-e-type=\"widget\" data-widget_type=\"heading.default\">\n\t\t\t\t<div class=\"elementor-widget-container\">\n\t\t\t\t\t<h4 class=\"elementor-heading-title elementor-size-default\">6. Gerichtsstand\n<\/h4>\t\t\t\t<\/div>\n\t\t\t\t<\/div>\n\t\t\t\t<div class=\"elementor-element elementor-element-a58dc48 elementor-widget elementor-widget-text-editor\" data-id=\"a58dc48\" data-element_type=\"widget\" data-e-type=\"widget\" data-widget_type=\"text-editor.default\">\n\t\t\t\t<div class=\"elementor-widget-container\">\n\t\t\t\t\t\t\t\t\t<p>Auf die Rechtsbeziehung zwischen H\u00e4mmerli und dem Kunden ist materielles Schweizer Recht, unter Ausschluss von kollisionsrechtlichen Normen sowie dem Wiener Kaufrecht, anwendbar.<\/p><p>Ausschliesslicher Gerichtsstand f\u00fcr juristische Personen ist unser Gesch\u00e4ftsbetrieb.<\/p><p>Gerichtsstand f\u00fcr nat\u00fcrliche Personen ist unser Gesch\u00e4ftsbetrieb.<\/p>\t\t\t\t\t\t\t\t<\/div>\n\t\t\t\t<\/div>\n\t\t\t\t<div class=\"elementor-element elementor-element-eef9e1b elementor-widget elementor-widget-heading\" data-id=\"eef9e1b\" data-element_type=\"widget\" data-e-type=\"widget\" data-widget_type=\"heading.default\">\n\t\t\t\t<div class=\"elementor-widget-container\">\n\t\t\t\t\t<h4 class=\"elementor-heading-title elementor-size-default\">7. Kontakt<\/h4>\t\t\t\t<\/div>\n\t\t\t\t<\/div>\n\t\t\t\t<div class=\"elementor-element elementor-element-5366494 elementor-widget elementor-widget-text-editor\" data-id=\"5366494\" data-element_type=\"widget\" data-e-type=\"widget\" data-widget_type=\"text-editor.default\">\n\t\t\t\t<div class=\"elementor-widget-container\">\n\t\t\t\t\t\t\t\t\t<p>Bei Fragen kontaktieren Sie uns bitte telefonisch oder per E-Mail.<\/p><p>METZGEREI H\u00c4MMERLI AG<br \/>Dorfplatz 4<br \/>3232 Ins<\/p><p>Tel. +41 (0)32 313 32 47<br \/>info@metzgerei-haemmerli.ch<\/p>\t\t\t\t\t\t\t\t<\/div>\n\t\t\t\t<\/div>\n\t\t\t\t<div class=\"elementor-element elementor-element-0c7a157 elementor-widget elementor-widget-text-editor\" data-id=\"0c7a157\" data-element_type=\"widget\" data-e-type=\"widget\" data-widget_type=\"text-editor.default\">\n\t\t\t\t<div class=\"elementor-widget-container\">\n\t\t\t\t\t\t\t\t\t<p>Metzgerei H\u00e4mmerli, November 2022<\/p>\t\t\t\t\t\t\t\t<\/div>\n\t\t\t\t<\/div>\n\t\t\t\t\t<\/div>\n\t\t<\/div>\n\t\t\t\t\t<\/div>\n\t\t<\/section>\n\t\t\t\t<\/div>\n\t\t","protected":false},"excerpt":{"rendered":"<p>CGV 1. Domaine d&rsquo;application Les conditions g\u00e9n\u00e9rales de vente (ci-apr\u00e8s d\u00e9nomm\u00e9es \u00ab\u00a0CGV\u00a0\u00bb) s&rsquo;appliquent \u00e0 toutes les commandes pass\u00e9es et \u00e0 tous les contrats conclus (ci-apr\u00e8s d\u00e9nomm\u00e9s \u00ab\u00a0commande\u00a0\u00bb). En outre, les dispositions des rubriques D\u00e9claration de protection des donn\u00e9es &amp; Conditions de participation s&rsquo;appliquent ici aussi. H\u00e4mmerli se r\u00e9serve le droit de modifier les CGV. La [&hellip;]<\/p>\n","protected":false},"author":1,"featured_media":0,"parent":0,"menu_order":99,"comment_status":"closed","ping_status":"closed","template":"tpl-default-elementor.php","meta":{"footnotes":""},"class_list":["post-6037","page","type-page","status-publish","hentry"],"yoast_head":"<!-- This site is optimized with the Yoast SEO plugin v27.3 - https:\/\/yoast.com\/product\/yoast-seo-wordpress\/ -->\n<title>CGV - Metzgerei H\u00e4mmerli<\/title>\n<meta name=\"robots\" content=\"noindex, nofollow\" \/>\n<meta property=\"og:locale\" content=\"fr_FR\" \/>\n<meta property=\"og:type\" content=\"article\" \/>\n<meta property=\"og:title\" content=\"CGV - Metzgerei H\u00e4mmerli\" \/>\n<meta property=\"og:description\" content=\"CGV 1. Domaine d&rsquo;application Les conditions g\u00e9n\u00e9rales de vente (ci-apr\u00e8s d\u00e9nomm\u00e9es \u00ab\u00a0CGV\u00a0\u00bb) s&rsquo;appliquent \u00e0 toutes les commandes pass\u00e9es et \u00e0 tous les contrats conclus (ci-apr\u00e8s d\u00e9nomm\u00e9s \u00ab\u00a0commande\u00a0\u00bb). En outre, les dispositions des rubriques D\u00e9claration de protection des donn\u00e9es &amp; Conditions de participation s&rsquo;appliquent ici aussi. H\u00e4mmerli se r\u00e9serve le droit de modifier les CGV. La [&hellip;]\" \/>\n<meta property=\"og:url\" content=\"https:\/\/www.metzgerei-haemmerli.ch\/fr\/cgv\/\" \/>\n<meta property=\"og:site_name\" content=\"Metzgerei H\u00e4mmerli\" \/>\n<meta property=\"article:publisher\" content=\"https:\/\/www.facebook.com\/metzgerei.haemmerli\" \/>\n<meta property=\"article:modified_time\" content=\"2025-11-20T14:23:54+00:00\" \/>\n<meta name=\"twitter:card\" content=\"summary_large_image\" \/>\n<meta name=\"twitter:label1\" content=\"Dur\u00e9e de lecture estim\u00e9e\" \/>\n\t<meta name=\"twitter:data1\" content=\"3 minutes\" \/>\n<script type=\"application\/ld+json\" class=\"yoast-schema-graph\">{\"@context\":\"https:\\\/\\\/schema.org\",\"@graph\":[{\"@type\":\"WebPage\",\"@id\":\"https:\\\/\\\/www.metzgerei-haemmerli.ch\\\/fr\\\/cgv\\\/\",\"url\":\"https:\\\/\\\/www.metzgerei-haemmerli.ch\\\/fr\\\/cgv\\\/\",\"name\":\"CGV - Metzgerei H\u00e4mmerli\",\"isPartOf\":{\"@id\":\"https:\\\/\\\/www.metzgerei-haemmerli.ch\\\/fr\\\/#website\"},\"datePublished\":\"2022-11-15T08:04:51+00:00\",\"dateModified\":\"2025-11-20T14:23:54+00:00\",\"breadcrumb\":{\"@id\":\"https:\\\/\\\/www.metzgerei-haemmerli.ch\\\/fr\\\/cgv\\\/#breadcrumb\"},\"inLanguage\":\"fr-FR\",\"potentialAction\":[{\"@type\":\"ReadAction\",\"target\":[\"https:\\\/\\\/www.metzgerei-haemmerli.ch\\\/fr\\\/cgv\\\/\"]}]},{\"@type\":\"BreadcrumbList\",\"@id\":\"https:\\\/\\\/www.metzgerei-haemmerli.ch\\\/fr\\\/cgv\\\/#breadcrumb\",\"itemListElement\":[{\"@type\":\"ListItem\",\"position\":1,\"name\":\"Home\",\"item\":\"https:\\\/\\\/www.metzgerei-haemmerli.ch\\\/fr\\\/\"},{\"@type\":\"ListItem\",\"position\":2,\"name\":\"CGV\"}]},{\"@type\":\"WebSite\",\"@id\":\"https:\\\/\\\/www.metzgerei-haemmerli.ch\\\/fr\\\/#website\",\"url\":\"https:\\\/\\\/www.metzgerei-haemmerli.ch\\\/fr\\\/\",\"name\":\"Metzgerei H\u00e4mmerli\",\"description\":\"Ihr Fachmann f\u00fcr guten Geschmack\",\"publisher\":{\"@id\":\"https:\\\/\\\/www.metzgerei-haemmerli.ch\\\/fr\\\/#organization\"},\"potentialAction\":[{\"@type\":\"SearchAction\",\"target\":{\"@type\":\"EntryPoint\",\"urlTemplate\":\"https:\\\/\\\/www.metzgerei-haemmerli.ch\\\/fr\\\/?s={search_term_string}\"},\"query-input\":{\"@type\":\"PropertyValueSpecification\",\"valueRequired\":true,\"valueName\":\"search_term_string\"}}],\"inLanguage\":\"fr-FR\"},{\"@type\":\"Organization\",\"@id\":\"https:\\\/\\\/www.metzgerei-haemmerli.ch\\\/fr\\\/#organization\",\"name\":\"Metzgerei H\u00e4mmerli\",\"url\":\"https:\\\/\\\/www.metzgerei-haemmerli.ch\\\/fr\\\/\",\"logo\":{\"@type\":\"ImageObject\",\"inLanguage\":\"fr-FR\",\"@id\":\"https:\\\/\\\/www.metzgerei-haemmerli.ch\\\/fr\\\/#\\\/schema\\\/logo\\\/image\\\/\",\"url\":\"https:\\\/\\\/www.metzgerei-haemmerli.ch\\\/wp-content\\\/uploads\\\/hammerli_logo_rosso_h200.png\",\"contentUrl\":\"https:\\\/\\\/www.metzgerei-haemmerli.ch\\\/wp-content\\\/uploads\\\/hammerli_logo_rosso_h200.png\",\"width\":919,\"height\":200,\"caption\":\"Metzgerei H\u00e4mmerli\"},\"image\":{\"@id\":\"https:\\\/\\\/www.metzgerei-haemmerli.ch\\\/fr\\\/#\\\/schema\\\/logo\\\/image\\\/\"},\"sameAs\":[\"https:\\\/\\\/www.facebook.com\\\/metzgerei.haemmerli\"]}]}<\/script>\n<!-- \/ Yoast SEO plugin. -->","yoast_head_json":{"title":"CGV - Metzgerei H\u00e4mmerli","robots":{"index":"noindex","follow":"nofollow"},"og_locale":"fr_FR","og_type":"article","og_title":"CGV - Metzgerei H\u00e4mmerli","og_description":"CGV 1. Domaine d&rsquo;application Les conditions g\u00e9n\u00e9rales de vente (ci-apr\u00e8s d\u00e9nomm\u00e9es \u00ab\u00a0CGV\u00a0\u00bb) s&rsquo;appliquent \u00e0 toutes les commandes pass\u00e9es et \u00e0 tous les contrats conclus (ci-apr\u00e8s d\u00e9nomm\u00e9s \u00ab\u00a0commande\u00a0\u00bb). En outre, les dispositions des rubriques D\u00e9claration de protection des donn\u00e9es &amp; Conditions de participation s&rsquo;appliquent ici aussi. H\u00e4mmerli se r\u00e9serve le droit de modifier les CGV. La [&hellip;]","og_url":"https:\/\/www.metzgerei-haemmerli.ch\/fr\/cgv\/","og_site_name":"Metzgerei H\u00e4mmerli","article_publisher":"https:\/\/www.facebook.com\/metzgerei.haemmerli","article_modified_time":"2025-11-20T14:23:54+00:00","twitter_card":"summary_large_image","twitter_misc":{"Dur\u00e9e de lecture estim\u00e9e":"3 minutes"},"schema":{"@context":"https:\/\/schema.org","@graph":[{"@type":"WebPage","@id":"https:\/\/www.metzgerei-haemmerli.ch\/fr\/cgv\/","url":"https:\/\/www.metzgerei-haemmerli.ch\/fr\/cgv\/","name":"CGV - Metzgerei H\u00e4mmerli","isPartOf":{"@id":"https:\/\/www.metzgerei-haemmerli.ch\/fr\/#website"},"datePublished":"2022-11-15T08:04:51+00:00","dateModified":"2025-11-20T14:23:54+00:00","breadcrumb":{"@id":"https:\/\/www.metzgerei-haemmerli.ch\/fr\/cgv\/#breadcrumb"},"inLanguage":"fr-FR","potentialAction":[{"@type":"ReadAction","target":["https:\/\/www.metzgerei-haemmerli.ch\/fr\/cgv\/"]}]},{"@type":"BreadcrumbList","@id":"https:\/\/www.metzgerei-haemmerli.ch\/fr\/cgv\/#breadcrumb","itemListElement":[{"@type":"ListItem","position":1,"name":"Home","item":"https:\/\/www.metzgerei-haemmerli.ch\/fr\/"},{"@type":"ListItem","position":2,"name":"CGV"}]},{"@type":"WebSite","@id":"https:\/\/www.metzgerei-haemmerli.ch\/fr\/#website","url":"https:\/\/www.metzgerei-haemmerli.ch\/fr\/","name":"Metzgerei H\u00e4mmerli","description":"Ihr Fachmann f\u00fcr guten Geschmack","publisher":{"@id":"https:\/\/www.metzgerei-haemmerli.ch\/fr\/#organization"},"potentialAction":[{"@type":"SearchAction","target":{"@type":"EntryPoint","urlTemplate":"https:\/\/www.metzgerei-haemmerli.ch\/fr\/?s={search_term_string}"},"query-input":{"@type":"PropertyValueSpecification","valueRequired":true,"valueName":"search_term_string"}}],"inLanguage":"fr-FR"},{"@type":"Organization","@id":"https:\/\/www.metzgerei-haemmerli.ch\/fr\/#organization","name":"Metzgerei H\u00e4mmerli","url":"https:\/\/www.metzgerei-haemmerli.ch\/fr\/","logo":{"@type":"ImageObject","inLanguage":"fr-FR","@id":"https:\/\/www.metzgerei-haemmerli.ch\/fr\/#\/schema\/logo\/image\/","url":"https:\/\/www.metzgerei-haemmerli.ch\/wp-content\/uploads\/hammerli_logo_rosso_h200.png","contentUrl":"https:\/\/www.metzgerei-haemmerli.ch\/wp-content\/uploads\/hammerli_logo_rosso_h200.png","width":919,"height":200,"caption":"Metzgerei H\u00e4mmerli"},"image":{"@id":"https:\/\/www.metzgerei-haemmerli.ch\/fr\/#\/schema\/logo\/image\/"},"sameAs":["https:\/\/www.facebook.com\/metzgerei.haemmerli"]}]}},"_links":{"self":[{"href":"https:\/\/www.metzgerei-haemmerli.ch\/fr\/wp-json\/wp\/v2\/pages\/6037","targetHints":{"allow":["GET"]}}],"collection":[{"href":"https:\/\/www.metzgerei-haemmerli.ch\/fr\/wp-json\/wp\/v2\/pages"}],"about":[{"href":"https:\/\/www.metzgerei-haemmerli.ch\/fr\/wp-json\/wp\/v2\/types\/page"}],"author":[{"embeddable":true,"href":"https:\/\/www.metzgerei-haemmerli.ch\/fr\/wp-json\/wp\/v2\/users\/1"}],"replies":[{"embeddable":true,"href":"https:\/\/www.metzgerei-haemmerli.ch\/fr\/wp-json\/wp\/v2\/comments?post=6037"}],"version-history":[{"count":43,"href":"https:\/\/www.metzgerei-haemmerli.ch\/fr\/wp-json\/wp\/v2\/pages\/6037\/revisions"}],"predecessor-version":[{"id":8460,"href":"https:\/\/www.metzgerei-haemmerli.ch\/fr\/wp-json\/wp\/v2\/pages\/6037\/revisions\/8460"}],"wp:attachment":[{"href":"https:\/\/www.metzgerei-haemmerli.ch\/fr\/wp-json\/wp\/v2\/media?parent=6037"}],"curies":[{"name":"wp","href":"https:\/\/api.w.org\/{rel}","templated":true}]}}