{"id":5142,"date":"2022-09-01T10:24:36","date_gmt":"2022-09-01T08:24:36","guid":{"rendered":"https:\/\/www.metzgerei-haemmerli.ch\/boucherie\/geschichte\/"},"modified":"2025-11-20T11:56:56","modified_gmt":"2025-11-20T10:56:56","slug":"histoire","status":"publish","type":"page","link":"https:\/\/www.metzgerei-haemmerli.ch\/fr\/boucherie\/histoire\/","title":{"rendered":"Histoire"},"content":{"rendered":"\t\t<div data-elementor-type=\"wp-page\" data-elementor-id=\"5142\" class=\"elementor elementor-5142 elementor-1875\">\n\t\t\t\t\t\t<section class=\"elementor-section elementor-top-section elementor-element elementor-element-dc3fbaf elementor-section-stretched elementor-section-full_width elementor-section-height-default elementor-section-height-default\" data-id=\"dc3fbaf\" data-element_type=\"section\" data-e-type=\"section\" data-settings=\"{&quot;stretch_section&quot;:&quot;section-stretched&quot;,&quot;background_background&quot;:&quot;classic&quot;}\">\n\t\t\t\t\t\t<div class=\"elementor-container elementor-column-gap-no\">\n\t\t\t\t\t<div class=\"elementor-column elementor-col-100 elementor-top-column elementor-element elementor-element-6714825\" data-id=\"6714825\" data-element_type=\"column\" data-e-type=\"column\">\n\t\t\t<div class=\"elementor-widget-wrap elementor-element-populated\">\n\t\t\t\t\t\t<div class=\"elementor-element elementor-element-43c295c elementor-widget elementor-widget-spacer\" data-id=\"43c295c\" data-element_type=\"widget\" data-e-type=\"widget\" data-widget_type=\"spacer.default\">\n\t\t\t\t<div class=\"elementor-widget-container\">\n\t\t\t\t\t\t\t<div class=\"elementor-spacer\">\n\t\t\t<div class=\"elementor-spacer-inner\"><\/div>\n\t\t<\/div>\n\t\t\t\t\t\t<\/div>\n\t\t\t\t<\/div>\n\t\t\t\t\t<\/div>\n\t\t<\/div>\n\t\t\t\t\t<\/div>\n\t\t<\/section>\n\t\t\t\t<section class=\"elementor-section elementor-top-section elementor-element elementor-element-5e2b2a2 elementor-section-stretched elementor-section-boxed elementor-section-height-default elementor-section-height-default\" data-id=\"5e2b2a2\" data-element_type=\"section\" data-e-type=\"section\" data-settings=\"{&quot;stretch_section&quot;:&quot;section-stretched&quot;,&quot;background_background&quot;:&quot;gradient&quot;}\">\n\t\t\t\t\t\t<div class=\"elementor-container elementor-column-gap-wide\">\n\t\t\t\t\t<div class=\"elementor-column elementor-col-100 elementor-top-column elementor-element elementor-element-0d76da1\" data-id=\"0d76da1\" data-element_type=\"column\" data-e-type=\"column\">\n\t\t\t<div class=\"elementor-widget-wrap elementor-element-populated\">\n\t\t\t\t\t\t<div class=\"elementor-element elementor-element-0230fea elementor-widget elementor-widget-heading\" data-id=\"0230fea\" data-element_type=\"widget\" data-e-type=\"widget\" data-widget_type=\"heading.default\">\n\t\t\t\t<div class=\"elementor-widget-container\">\n\t\t\t\t\t<h4 class=\"elementor-heading-title elementor-size-default\">Des informations pr\u00e9cieuses sur la boucherie \u2014<\/h4>\t\t\t\t<\/div>\n\t\t\t\t<\/div>\n\t\t\t\t<div class=\"elementor-element elementor-element-f38b9ff elementor-widget elementor-widget-heading\" data-id=\"f38b9ff\" data-element_type=\"widget\" data-e-type=\"widget\" data-widget_type=\"heading.default\">\n\t\t\t\t<div class=\"elementor-widget-container\">\n\t\t\t\t\t<h2 class=\"elementor-heading-title elementor-size-default\">Historie<\/h2>\t\t\t\t<\/div>\n\t\t\t\t<\/div>\n\t\t\t\t<div class=\"elementor-element elementor-element-318c991 elementor-widget elementor-widget-corvex_team_details3\" data-id=\"318c991\" data-element_type=\"widget\" data-e-type=\"widget\" data-widget_type=\"corvex_team_details3.default\">\n\t\t\t\t<div class=\"elementor-widget-container\">\n\t\t\t\t\t\t\t\n\t\t<!--Start Team Area-->\n\t\t<section class=\" team-single-area\">\n\t\t\t<div class=\"container\">\n\t\t\t\t<div class=\"resume\">\n\t\t\t\t\t<h3><\/h3>\n\t\t\t\t\t\t\t\t\t\t<div class=\"info-box\">\n\t\t\t\t\t\t<span class=\"date\">1918<\/span>\n\t\t\t\t\t\t<div class=\"inner\">\n\t\t\t\t\t\t\t<div class=\"title\">\n\t\t\t\t\t\t\t\t<h4>La construction du b\u00e2timent sur le \u00ab Dorfplatz 4 \u00bb et emm\u00e9nagement de la boucherie Wyss<\/h4>\n\t\t\t\t\t\t\t<\/div>\n\t\t\t\t\t\t\t<div class=\"content\">\n\t\t\t\t\t\t\t\t<h5><\/h5>\n\t\t\t\t\t\t\t\t<div class=\"text\"><\/div>\n\t\t\t\t\t\t\t\t<ol>\n\t\t\t\t\t\t\t\t\t\t\t\t\t\t\t\t\t\t\t\t\t\t\t\t\t\t\t\t\t\t\t\t\t\t\t\t\t\t\t\t\t\t\t\t<\/ol>\n\t\t\t\t\t\t\t\t\t\t\t\t\t\t\t<\/div>\n\t\t\t\t\t\t<\/div>\n\t\t\t\t\t<\/div>\n\t\t\t\t\t\t\t\t\t\t<div class=\"info-box\">\n\t\t\t\t\t\t<span class=\"date\">1949-1953<\/span>\n\t\t\t\t\t\t<div class=\"inner\">\n\t\t\t\t\t\t\t<div class=\"title\">\n\t\t\t\t\t\t\t\t<h4>Location de la boucherie par monsieur Danz<\/h4>\n\t\t\t\t\t\t\t<\/div>\n\t\t\t\t\t\t\t<div class=\"content\">\n\t\t\t\t\t\t\t\t<h5><\/h5>\n\t\t\t\t\t\t\t\t<div class=\"text\"><\/div>\n\t\t\t\t\t\t\t\t<ol>\n\t\t\t\t\t\t\t\t\t\t\t\t\t\t\t\t\t\t\t\t\t\t\t\t\t\t\t\t\t\t\t\t\t\t\t\t\t\t\t\t\t\t\t\t<\/ol>\n\t\t\t\t\t\t\t\t\t\t\t\t\t\t\t<\/div>\n\t\t\t\t\t\t<\/div>\n\t\t\t\t\t<\/div>\n\t\t\t\t\t\t\t\t\t\t<div class=\"info-box\">\n\t\t\t\t\t\t<span class=\"date\">1953-1958<\/span>\n\t\t\t\t\t\t<div class=\"inner\">\n\t\t\t\t\t\t\t<div class=\"title\">\n\t\t\t\t\t\t\t\t<h4>Location de la boucherie par Hans B\u00f6nzli<\/h4>\n\t\t\t\t\t\t\t<\/div>\n\t\t\t\t\t\t\t<div class=\"content\">\n\t\t\t\t\t\t\t\t<h5><\/h5>\n\t\t\t\t\t\t\t\t<div class=\"text\"><\/div>\n\t\t\t\t\t\t\t\t<ol>\n\t\t\t\t\t\t\t\t\t\t\t\t\t\t\t\t\t\t\t\t\t\t\t\t\t\t\t\t\t\t\t\t\t\t\t\t\t\t\t\t\t\t\t\t<\/ol>\n\t\t\t\t\t\t\t\t\t\t\t\t\t\t\t<\/div>\n\t\t\t\t\t\t<\/div>\n\t\t\t\t\t<\/div>\n\t\t\t\t\t\t\t\t\t\t<div class=\"info-box\">\n\t\t\t\t\t\t<span class=\"date\">1958<\/span>\n\t\t\t\t\t\t<div class=\"inner\">\n\t\t\t\t\t\t\t<div class=\"title\">\n\t\t\t\t\t\t\t\t<h4>L\u2019achat de la boucherie Wyss par Hans B\u00f6nzli<\/h4>\n\t\t\t\t\t\t\t<\/div>\n\t\t\t\t\t\t\t<div class=\"content\">\n\t\t\t\t\t\t\t\t<h5><\/h5>\n\t\t\t\t\t\t\t\t<div class=\"text\"><\/div>\n\t\t\t\t\t\t\t\t<ol>\n\t\t\t\t\t\t\t\t\t\t\t\t\t\t\t\t\t\t\t\t\t\t\t\t\t\t\t\t\t\t\t\t\t\t\t\t\t\t\t\t\t\t\t\t<\/ol>\n\t\t\t\t\t\t\t\t\t\t\t\t\t\t\t<\/div>\n\t\t\t\t\t\t<\/div>\n\t\t\t\t\t<\/div>\n\t\t\t\t\t\t\t\t\t\t<div class=\"info-box\">\n\t\t\t\t\t\t<span class=\"date\">1961<\/span>\n\t\t\t\t\t\t<div class=\"inner\">\n\t\t\t\t\t\t\t<div class=\"title\">\n\t\t\t\t\t\t\t\t<h4>Reconstruction de la boucherie en vendant la viande dans une baraque<\/h4>\n\t\t\t\t\t\t\t<\/div>\n\t\t\t\t\t\t\t<div class=\"content\">\n\t\t\t\t\t\t\t\t<h5><\/h5>\n\t\t\t\t\t\t\t\t<div class=\"text\"><\/div>\n\t\t\t\t\t\t\t\t<ol>\n\t\t\t\t\t\t\t\t\t\t\t\t\t\t\t\t\t\t\t\t\t\t\t\t\t\t\t\t\t\t\t\t\t\t\t\t\t\t\t\t\t\t\t\t<\/ol>\n\t\t\t\t\t\t\t\t\t\t\t\t\t\t\t<\/div>\n\t\t\t\t\t\t<\/div>\n\t\t\t\t\t<\/div>\n\t\t\t\t\t\t\t\t\t\t<div class=\"info-box\">\n\t\t\t\t\t\t<span class=\"date\">1er juin 1982<\/span>\n\t\t\t\t\t\t<div class=\"inner\">\n\t\t\t\t\t\t\t<div class=\"title\">\n\t\t\t\t\t\t\t\t<h4>Max et K\u00e4thi H\u00e4mmerli ont achet\u00e9 la boucherie le 1er juin 1982.<\/h4>\n\t\t\t\t\t\t\t<\/div>\n\t\t\t\t\t\t\t<div class=\"content\">\n\t\t\t\t\t\t\t\t<h5><\/h5>\n\t\t\t\t\t\t\t\t<div class=\"text\">Avec un employ\u00e9, les H\u00e4mmerlis ont commenc\u00e9 l\u2019aventure d\u2019une entreprise individuelle, pour pouvoir convaincre la client\u00e8le de la qualit\u00e9 \u00ab H\u00e4mmerli \u00bb. Les techniques et les processus changeront mais K\u00e4thi et Max s\u2019adaptent \u00e0 ces nouveaut\u00e9s.\n<br \/><br \/>\nL\u2019am\u00e9lioration progressive \u00e9tait n\u00e9cessaire et des ajustements ont du \u00eatre apport\u00e9s. Quand en 1998 l\u2019espace existant pour refroidir la viande devient trop \u00e9troit, l\u2019entrep\u00f4t d\u2019un magasin de v\u00eatements nous a fait de la place pour un r\u00e9frig\u00e9rateur suppl\u00e9mentaire.<\/div>\n\t\t\t\t\t\t\t\t<ol>\n\t\t\t\t\t\t\t\t\t\t\t\t\t\t\t\t\t\t\t\t\t\t\t\t\t\t\t\t\t\t\t\t\t\t\t\t\t\t\t\t\t\t\t\t<\/ol>\n\t\t\t\t\t\t\t\t\t\t\t\t\t\t\t<\/div>\n\t\t\t\t\t\t<\/div>\n\t\t\t\t\t<\/div>\n\t\t\t\t\t\t\t\t\t\t<div class=\"info-box\">\n\t\t\t\t\t\t<span class=\"date\">1998<\/span>\n\t\t\t\t\t\t<div class=\"inner\">\n\t\t\t\t\t\t\t<div class=\"title\">\n\t\t\t\t\t\t\t\t<h4>La boucherie a atteint sa taille actuelle et les locaux ont \u00e9t\u00e9 optimis\u00e9s quotidiennement pour que tout trouve sa place.<\/h4>\n\t\t\t\t\t\t\t<\/div>\n\t\t\t\t\t\t\t<div class=\"content\">\n\t\t\t\t\t\t\t\t<h5><\/h5>\n\t\t\t\t\t\t\t\t<div class=\"text\">Pendant 28 ans K\u00e4thi et Max ont travaill\u00e9 ensemble pour pouvoir assurer leur subsistance. Avec leur deux fils, Marc et Christoph, ce n\u2019\u00e9tait pas toujours facile, car ils demandaient aussi beaucoup d\u2019attention.\n<br \/><br \/>\nEntretemps,13 personnes sont engag\u00e9es \u00e0 la boucherie.\n<br \/><br \/>\nPuis est venu le temps de continuer l\u2019histoire. Avec l\u2019aide de Max et de K\u00e4thi, sa femme Christine, son fr\u00e8re Marc et Astrid (femme de Marc) (selon les besoins) et les employ\u00e9s, Christoph a d\u00e9but\u00e9 le 1er juin 2010 son projet ; son r\u00eave d\u2019enfance.<\/div>\n\t\t\t\t\t\t\t\t<ol>\n\t\t\t\t\t\t\t\t\t\t\t\t\t\t\t\t\t\t\t\t\t\t\t\t\t\t\t\t\t\t\t\t\t\t\t\t\t\t\t\t\t\t\t\t<\/ol>\n\t\t\t\t\t\t\t\t\t\t\t\t\t\t\t<\/div>\n\t\t\t\t\t\t<\/div>\n\t\t\t\t\t<\/div>\n\t\t\t\t\t\t\t\t\t\t<div class=\"info-box\">\n\t\t\t\t\t\t<span class=\"date\">2012\/13<\/span>\n\t\t\t\t\t\t<div class=\"inner\">\n\t\t\t\t\t\t\t<div class=\"title\">\n\t\t\t\t\t\t\t\t<h4>On a eu notre premi\u00e8re grande r\u00e9novation.<\/h4>\n\t\t\t\t\t\t\t<\/div>\n\t\t\t\t\t\t\t<div class=\"content\">\n\t\t\t\t\t\t\t\t<h5><\/h5>\n\t\t\t\t\t\t\t\t<div class=\"text\">Notre comptoir de vente a \u00e9t\u00e9 chang\u00e9 et aussi le petit bureau a \u00e9t\u00e9 transform\u00e9 dans un espace de pr\u00e9paration et on l\u2019a \u00e9quip\u00e9 avec des tables r\u00e9frig\u00e9rantes et des nouveaux rayons. Gr\u00e2ce au changement du chauffage de l\u2019huile au chauffage \u00e0 gaz, nous pouvions gagner une chambre de r\u00e9frig\u00e9ration pour la maturation de la viande. Chaque millim\u00e8tre compte et va \u00eatre utiliser de mani\u00e8re optimale.\n<br \/><br \/>\nQuelques ann\u00e9es se sont \u00e9coul\u00e9es. Nous pouvions livr\u00e9s divers petits et grands \u00e9v\u00e9nements et de nombreux clients r\u00e9guliers viennent de pr\u00e8s ou de loin pour notre qualit\u00e9. Notre objectif est que tout le monde quitte et revienne dans notre magasin avec le sourire. L\u2019\u00e9quipe s\u2019est agrandie cette ann\u00e9e encore.<\/div>\n\t\t\t\t\t\t\t\t<ol>\n\t\t\t\t\t\t\t\t\t\t\t\t\t\t\t\t\t\t\t\t\t\t\t\t\t\t\t\t\t\t\t\t\t\t\t\t\t\t\t\t\t\t\t\t<\/ol>\n\t\t\t\t\t\t\t\t\t\t\t\t\t\t\t<\/div>\n\t\t\t\t\t\t<\/div>\n\t\t\t\t\t<\/div>\n\t\t\t\t\t\t\t\t\t\t<div class=\"info-box\">\n\t\t\t\t\t\t<span class=\"date\">2020<\/span>\n\t\t\t\t\t\t<div class=\"inner\">\n\t\t\t\t\t\t\t<div class=\"title\">\n\t\t\t\t\t\t\t\t<h4>10 ans se sont \u00e9coul\u00e9s et il y a bien des choses qui ont chang\u00e9.<\/h4>\n\t\t\t\t\t\t\t<\/div>\n\t\t\t\t\t\t\t<div class=\"content\">\n\t\t\t\t\t\t\t\t<h5><\/h5>\n\t\t\t\t\t\t\t\t<div class=\"text\">Avec la viande \u00ab Eisser Rind \u00bb et \u00ab Eisser Kalb \u00bb notre assortiment est le plus r\u00e9gional possible. Nous produisons nous m\u00eame deux sortes de jambon \u00e0 manger cr\u00fb et deux sortes de lard \u00e0 manger cr\u00fb. Avec des morceaux de la viande de b\u0153uf Eisser nous produisons nous m\u00eame de la viande s\u00e9ch\u00e9e. Nous produisons \u00e9galement une saucisse \u00ab Eisser \u00bb \u00e0 manger cr\u00fb, dans laquelle il y a 100% de viande de b\u0153uf provenant d\u2019Ins, du sel, des \u00e9pices et une gorg\u00e9e de Pinot Noir provenant de Ins.\n<br \/><br \/>\nJusqu\u2019\u00e0 pr\u00e9sent, nous pouvions former deux apprentis jusqu\u2019aux examens finaux, ils ont termin\u00e9 leur examen pratique avec des notes 5.2 respectivement 5.6. Une super performance des apprentis mais aussi du team entier, qui a form\u00e9 \u2013 soutenu les deux apprentis pendant leurs apprentissages.<\/div>\n\t\t\t\t\t\t\t\t<ol>\n\t\t\t\t\t\t\t\t\t\t\t\t\t\t\t\t\t\t\t\t\t\t\t\t\t\t\t\t\t\t\t\t\t\t\t\t\t\t\t\t\t\t\t\t<\/ol>\n\t\t\t\t\t\t\t\t\t\t\t\t\t\t\t<\/div>\n\t\t\t\t\t\t<\/div>\n\t\t\t\t\t<\/div>\n\t\t\t\t\t\t\t\t\t<\/div>\n\t\t\t<\/div>\n\t\t<\/section>\n\t\t<!--End Team Area--> \n\n\t\t\t\t\t\t<\/div>\n\t\t\t\t<\/div>\n\t\t\t\t\t<\/div>\n\t\t<\/div>\n\t\t\t\t\t<\/div>\n\t\t<\/section>\n\t\t\t\t<\/div>\n\t\t","protected":false},"excerpt":{"rendered":"<p>Des informations pr\u00e9cieuses sur la boucherie \u2014 Historie 1918 La construction du b\u00e2timent sur le \u00ab Dorfplatz 4 \u00bb et emm\u00e9nagement de la boucherie Wyss 1949-1953 Location de la boucherie par monsieur Danz 1953-1958 Location de la boucherie par Hans B\u00f6nzli 1958 L\u2019achat de la boucherie Wyss par Hans B\u00f6nzli 1961 Reconstruction de la boucherie [&hellip;]<\/p>\n","protected":false},"author":1,"featured_media":0,"parent":5132,"menu_order":3,"comment_status":"closed","ping_status":"closed","template":"tpl-default-elementor.php","meta":{"footnotes":""},"class_list":["post-5142","page","type-page","status-publish","hentry"],"yoast_head":"<!-- This site is optimized with the Yoast SEO plugin v27.3 - https:\/\/yoast.com\/product\/yoast-seo-wordpress\/ -->\n<title>Histoire - Metzgerei H\u00e4mmerli<\/title>\n<meta name=\"robots\" content=\"index, follow, max-snippet:-1, max-image-preview:large, max-video-preview:-1\" \/>\n<link rel=\"canonical\" href=\"https:\/\/www.metzgerei-haemmerli.ch\/fr\/boucherie\/histoire\/\" \/>\n<meta property=\"og:locale\" content=\"fr_FR\" \/>\n<meta property=\"og:type\" content=\"article\" \/>\n<meta property=\"og:title\" content=\"Histoire - Metzgerei H\u00e4mmerli\" \/>\n<meta property=\"og:description\" content=\"Des informations pr\u00e9cieuses sur la boucherie \u2014 Historie 1918 La construction du b\u00e2timent sur le \u00ab Dorfplatz 4 \u00bb et emm\u00e9nagement de la boucherie Wyss 1949-1953 Location de la boucherie par monsieur Danz 1953-1958 Location de la boucherie par Hans B\u00f6nzli 1958 L\u2019achat de la boucherie Wyss par Hans B\u00f6nzli 1961 Reconstruction de la boucherie [&hellip;]\" \/>\n<meta property=\"og:url\" content=\"https:\/\/www.metzgerei-haemmerli.ch\/fr\/boucherie\/histoire\/\" \/>\n<meta property=\"og:site_name\" content=\"Metzgerei H\u00e4mmerli\" \/>\n<meta property=\"article:publisher\" content=\"https:\/\/www.facebook.com\/metzgerei.haemmerli\" \/>\n<meta property=\"article:modified_time\" content=\"2025-11-20T10:56:56+00:00\" \/>\n<meta name=\"twitter:card\" content=\"summary_large_image\" \/>\n<meta name=\"twitter:label1\" content=\"Dur\u00e9e de lecture estim\u00e9e\" \/>\n\t<meta name=\"twitter:data1\" content=\"3 minutes\" \/>\n<script type=\"application\/ld+json\" class=\"yoast-schema-graph\">{\"@context\":\"https:\\\/\\\/schema.org\",\"@graph\":[{\"@type\":\"WebPage\",\"@id\":\"https:\\\/\\\/www.metzgerei-haemmerli.ch\\\/fr\\\/boucherie\\\/histoire\\\/\",\"url\":\"https:\\\/\\\/www.metzgerei-haemmerli.ch\\\/fr\\\/boucherie\\\/histoire\\\/\",\"name\":\"Histoire - Metzgerei H\u00e4mmerli\",\"isPartOf\":{\"@id\":\"https:\\\/\\\/www.metzgerei-haemmerli.ch\\\/fr\\\/#website\"},\"datePublished\":\"2022-09-01T08:24:36+00:00\",\"dateModified\":\"2025-11-20T10:56:56+00:00\",\"breadcrumb\":{\"@id\":\"https:\\\/\\\/www.metzgerei-haemmerli.ch\\\/fr\\\/boucherie\\\/histoire\\\/#breadcrumb\"},\"inLanguage\":\"fr-FR\",\"potentialAction\":[{\"@type\":\"ReadAction\",\"target\":[\"https:\\\/\\\/www.metzgerei-haemmerli.ch\\\/fr\\\/boucherie\\\/histoire\\\/\"]}]},{\"@type\":\"BreadcrumbList\",\"@id\":\"https:\\\/\\\/www.metzgerei-haemmerli.ch\\\/fr\\\/boucherie\\\/histoire\\\/#breadcrumb\",\"itemListElement\":[{\"@type\":\"ListItem\",\"position\":1,\"name\":\"Home\",\"item\":\"https:\\\/\\\/www.metzgerei-haemmerli.ch\\\/fr\\\/\"},{\"@type\":\"ListItem\",\"position\":2,\"name\":\"Boucherie\",\"item\":\"https:\\\/\\\/www.metzgerei-haemmerli.ch\\\/fr\\\/boucherie\\\/\"},{\"@type\":\"ListItem\",\"position\":3,\"name\":\"Histoire\"}]},{\"@type\":\"WebSite\",\"@id\":\"https:\\\/\\\/www.metzgerei-haemmerli.ch\\\/fr\\\/#website\",\"url\":\"https:\\\/\\\/www.metzgerei-haemmerli.ch\\\/fr\\\/\",\"name\":\"Metzgerei H\u00e4mmerli\",\"description\":\"Ihr Fachmann f\u00fcr guten Geschmack\",\"publisher\":{\"@id\":\"https:\\\/\\\/www.metzgerei-haemmerli.ch\\\/fr\\\/#organization\"},\"potentialAction\":[{\"@type\":\"SearchAction\",\"target\":{\"@type\":\"EntryPoint\",\"urlTemplate\":\"https:\\\/\\\/www.metzgerei-haemmerli.ch\\\/fr\\\/?s={search_term_string}\"},\"query-input\":{\"@type\":\"PropertyValueSpecification\",\"valueRequired\":true,\"valueName\":\"search_term_string\"}}],\"inLanguage\":\"fr-FR\"},{\"@type\":\"Organization\",\"@id\":\"https:\\\/\\\/www.metzgerei-haemmerli.ch\\\/fr\\\/#organization\",\"name\":\"Metzgerei H\u00e4mmerli\",\"url\":\"https:\\\/\\\/www.metzgerei-haemmerli.ch\\\/fr\\\/\",\"logo\":{\"@type\":\"ImageObject\",\"inLanguage\":\"fr-FR\",\"@id\":\"https:\\\/\\\/www.metzgerei-haemmerli.ch\\\/fr\\\/#\\\/schema\\\/logo\\\/image\\\/\",\"url\":\"https:\\\/\\\/www.metzgerei-haemmerli.ch\\\/wp-content\\\/uploads\\\/hammerli_logo_rosso_h200.png\",\"contentUrl\":\"https:\\\/\\\/www.metzgerei-haemmerli.ch\\\/wp-content\\\/uploads\\\/hammerli_logo_rosso_h200.png\",\"width\":919,\"height\":200,\"caption\":\"Metzgerei H\u00e4mmerli\"},\"image\":{\"@id\":\"https:\\\/\\\/www.metzgerei-haemmerli.ch\\\/fr\\\/#\\\/schema\\\/logo\\\/image\\\/\"},\"sameAs\":[\"https:\\\/\\\/www.facebook.com\\\/metzgerei.haemmerli\"]}]}<\/script>\n<!-- \/ Yoast SEO plugin. -->","yoast_head_json":{"title":"Histoire - Metzgerei H\u00e4mmerli","robots":{"index":"index","follow":"follow","max-snippet":"max-snippet:-1","max-image-preview":"max-image-preview:large","max-video-preview":"max-video-preview:-1"},"canonical":"https:\/\/www.metzgerei-haemmerli.ch\/fr\/boucherie\/histoire\/","og_locale":"fr_FR","og_type":"article","og_title":"Histoire - Metzgerei H\u00e4mmerli","og_description":"Des informations pr\u00e9cieuses sur la boucherie \u2014 Historie 1918 La construction du b\u00e2timent sur le \u00ab Dorfplatz 4 \u00bb et emm\u00e9nagement de la boucherie Wyss 1949-1953 Location de la boucherie par monsieur Danz 1953-1958 Location de la boucherie par Hans B\u00f6nzli 1958 L\u2019achat de la boucherie Wyss par Hans B\u00f6nzli 1961 Reconstruction de la boucherie [&hellip;]","og_url":"https:\/\/www.metzgerei-haemmerli.ch\/fr\/boucherie\/histoire\/","og_site_name":"Metzgerei H\u00e4mmerli","article_publisher":"https:\/\/www.facebook.com\/metzgerei.haemmerli","article_modified_time":"2025-11-20T10:56:56+00:00","twitter_card":"summary_large_image","twitter_misc":{"Dur\u00e9e de lecture estim\u00e9e":"3 minutes"},"schema":{"@context":"https:\/\/schema.org","@graph":[{"@type":"WebPage","@id":"https:\/\/www.metzgerei-haemmerli.ch\/fr\/boucherie\/histoire\/","url":"https:\/\/www.metzgerei-haemmerli.ch\/fr\/boucherie\/histoire\/","name":"Histoire - Metzgerei H\u00e4mmerli","isPartOf":{"@id":"https:\/\/www.metzgerei-haemmerli.ch\/fr\/#website"},"datePublished":"2022-09-01T08:24:36+00:00","dateModified":"2025-11-20T10:56:56+00:00","breadcrumb":{"@id":"https:\/\/www.metzgerei-haemmerli.ch\/fr\/boucherie\/histoire\/#breadcrumb"},"inLanguage":"fr-FR","potentialAction":[{"@type":"ReadAction","target":["https:\/\/www.metzgerei-haemmerli.ch\/fr\/boucherie\/histoire\/"]}]},{"@type":"BreadcrumbList","@id":"https:\/\/www.metzgerei-haemmerli.ch\/fr\/boucherie\/histoire\/#breadcrumb","itemListElement":[{"@type":"ListItem","position":1,"name":"Home","item":"https:\/\/www.metzgerei-haemmerli.ch\/fr\/"},{"@type":"ListItem","position":2,"name":"Boucherie","item":"https:\/\/www.metzgerei-haemmerli.ch\/fr\/boucherie\/"},{"@type":"ListItem","position":3,"name":"Histoire"}]},{"@type":"WebSite","@id":"https:\/\/www.metzgerei-haemmerli.ch\/fr\/#website","url":"https:\/\/www.metzgerei-haemmerli.ch\/fr\/","name":"Metzgerei H\u00e4mmerli","description":"Ihr Fachmann f\u00fcr guten Geschmack","publisher":{"@id":"https:\/\/www.metzgerei-haemmerli.ch\/fr\/#organization"},"potentialAction":[{"@type":"SearchAction","target":{"@type":"EntryPoint","urlTemplate":"https:\/\/www.metzgerei-haemmerli.ch\/fr\/?s={search_term_string}"},"query-input":{"@type":"PropertyValueSpecification","valueRequired":true,"valueName":"search_term_string"}}],"inLanguage":"fr-FR"},{"@type":"Organization","@id":"https:\/\/www.metzgerei-haemmerli.ch\/fr\/#organization","name":"Metzgerei H\u00e4mmerli","url":"https:\/\/www.metzgerei-haemmerli.ch\/fr\/","logo":{"@type":"ImageObject","inLanguage":"fr-FR","@id":"https:\/\/www.metzgerei-haemmerli.ch\/fr\/#\/schema\/logo\/image\/","url":"https:\/\/www.metzgerei-haemmerli.ch\/wp-content\/uploads\/hammerli_logo_rosso_h200.png","contentUrl":"https:\/\/www.metzgerei-haemmerli.ch\/wp-content\/uploads\/hammerli_logo_rosso_h200.png","width":919,"height":200,"caption":"Metzgerei H\u00e4mmerli"},"image":{"@id":"https:\/\/www.metzgerei-haemmerli.ch\/fr\/#\/schema\/logo\/image\/"},"sameAs":["https:\/\/www.facebook.com\/metzgerei.haemmerli"]}]}},"_links":{"self":[{"href":"https:\/\/www.metzgerei-haemmerli.ch\/fr\/wp-json\/wp\/v2\/pages\/5142","targetHints":{"allow":["GET"]}}],"collection":[{"href":"https:\/\/www.metzgerei-haemmerli.ch\/fr\/wp-json\/wp\/v2\/pages"}],"about":[{"href":"https:\/\/www.metzgerei-haemmerli.ch\/fr\/wp-json\/wp\/v2\/types\/page"}],"author":[{"embeddable":true,"href":"https:\/\/www.metzgerei-haemmerli.ch\/fr\/wp-json\/wp\/v2\/users\/1"}],"replies":[{"embeddable":true,"href":"https:\/\/www.metzgerei-haemmerli.ch\/fr\/wp-json\/wp\/v2\/comments?post=5142"}],"version-history":[{"count":14,"href":"https:\/\/www.metzgerei-haemmerli.ch\/fr\/wp-json\/wp\/v2\/pages\/5142\/revisions"}],"predecessor-version":[{"id":6142,"href":"https:\/\/www.metzgerei-haemmerli.ch\/fr\/wp-json\/wp\/v2\/pages\/5142\/revisions\/6142"}],"up":[{"embeddable":true,"href":"https:\/\/www.metzgerei-haemmerli.ch\/fr\/wp-json\/wp\/v2\/pages\/5132"}],"wp:attachment":[{"href":"https:\/\/www.metzgerei-haemmerli.ch\/fr\/wp-json\/wp\/v2\/media?parent=5142"}],"curies":[{"name":"wp","href":"https:\/\/api.w.org\/{rel}","templated":true}]}}